{"id":12157,"date":"2024-10-01T11:15:26","date_gmt":"2024-10-01T11:15:26","guid":{"rendered":"https:\/\/mtu.lv\/?post_type=product&#038;p=12157"},"modified":"2025-02-27T07:02:07","modified_gmt":"2025-02-27T07:02:07","slug":"bonatap-m60-10-elastiga-mebelu-lime","status":"publish","type":"product","link":"https:\/\/mtu.lv\/ru\/product\/bonatap-m60-10-elastiga-mebelu-lime\/","title":{"rendered":"BONATAP\u00ae M60-10 Elast\u012bg\u0101 M\u0113be\u013cu L\u012bme"},"content":{"rendered":"<p>BONATAP\u00ae M60-10 ir augstas kvalit\u0101tes l\u012bme, kas izgatavota no gumijas un sint\u0113tisk\u0101m sve\u0137iem organiskajos \u0161\u0137\u012bdin\u0101t\u0101jos, paredz\u0113ta m\u0113be\u013cu industrijai. Tas veido m\u012bkstu, elast\u012bgu savienojumu, kas nov\u0113r\u0161 putuplasta sarau\u0161anos, padarot to ide\u0101li piem\u0113rotu ap\u0161uvuma darbiem.<\/p>\n<p>Lieto\u0161anas instrukcija:<\/p>\n<p>Sagatavo\u0161ana: Nodro\u0161iniet, ka gan l\u012bme, gan materi\u0101li ir vismaz 18\u00b0C temperat\u016br\u0101. R\u016bp\u012bgi samaisiet l\u012bmi pirms lieto\u0161anas.<br \/>\nUzkl\u0101\u0161ana: Izmantojiet pneimatiskos kr\u0101su pistoles ar gaisa spiedienu apm\u0113ram 4 b\u0101ri, sprauslas diametru 1,5-2,0 mm un uzturiet 30-40 cm att\u0101lumu. Vienpus\u0113jai uzkl\u0101\u0161anai nodro\u0161iniet piln\u012bgu segumu.<br \/>\nL\u012bm\u0113\u0161ana: Atst\u0101jiet 25 min\u016btes divpus\u0113jai un 5 min\u016btes vienpus\u0113jai uzkl\u0101\u0161anai korekcij\u0101m. Nospiediet materi\u0101lus cie\u0161i kop\u0101, kad tie ir izl\u012bdzin\u0101ti.<br \/>\nSasie\u0161ana: Pilna sa\u0137eres stipr\u012bba tiek sasniegta 48 stundu laik\u0101. Izvairieties no spriedzes uz sa\u0137eres vietu \u0161aj\u0101 laik\u0101.<br \/>\nT\u012br\u012b\u0161ana un dro\u0161\u012bba: Lietojiet Bonaros\u00ae M \u0161\u0137\u012bdin\u0101t\u0101ju r\u012bku t\u012br\u012b\u0161anai. Glab\u0101jiet l\u012bmi v\u0113s\u0101, labi v\u0113din\u0101m\u0101 viet\u0101. Iev\u0113rojiet dro\u0161\u012bbas pas\u0101kumus, str\u0101d\u0101jot ar viegli uzliesmojo\u0161iem \u0161\u0137\u012bdin\u0101t\u0101jiem.<\/p>\n","protected":false},"excerpt":{"rendered":"<p>BONATAP\u00ae M60-10 ir augstas kvalit\u0101tes l\u012bme, kas izgatavota no gumijas un sint\u0113tisk\u0101m sve\u0137iem organiskajos \u0161\u0137\u012bdin\u0101t\u0101jos, paredz\u0113ta m\u0113be\u013cu industrijai. Tas veido<\/p>\n","protected":false},"featured_media":12159,"template":"","meta":{"inline_featured_image":false,"iawp_total_views":271},"product_brand":[],"product_cat":[139],"product_tag":[],"class_list":{"0":"post-12157","1":"product","2":"type-product","3":"status-publish","4":"has-post-thumbnail","6":"product_cat-limes","8":"first","9":"instock","10":"shipping-taxable","11":"purchasable","12":"product-type-simple"},"_links":{"self":[{"href":"https:\/\/mtu.lv\/ru\/wp-json\/wp\/v2\/product\/12157","targetHints":{"allow":["GET"]}}],"collection":[{"href":"https:\/\/mtu.lv\/ru\/wp-json\/wp\/v2\/product"}],"about":[{"href":"https:\/\/mtu.lv\/ru\/wp-json\/wp\/v2\/types\/product"}],"version-history":[{"count":3,"href":"https:\/\/mtu.lv\/ru\/wp-json\/wp\/v2\/product\/12157\/revisions"}],"predecessor-version":[{"id":35489,"href":"https:\/\/mtu.lv\/ru\/wp-json\/wp\/v2\/product\/12157\/revisions\/35489"}],"wp:featuredmedia":[{"embeddable":true,"href":"https:\/\/mtu.lv\/ru\/wp-json\/wp\/v2\/media\/12159"}],"wp:attachment":[{"href":"https:\/\/mtu.lv\/ru\/wp-json\/wp\/v2\/media?parent=12157"}],"wp:term":[{"taxonomy":"product_brand","embeddable":true,"href":"https:\/\/mtu.lv\/ru\/wp-json\/wp\/v2\/product_brand?post=12157"},{"taxonomy":"product_cat","embeddable":true,"href":"https:\/\/mtu.lv\/ru\/wp-json\/wp\/v2\/product_cat?post=12157"},{"taxonomy":"product_tag","embeddable":true,"href":"https:\/\/mtu.lv\/ru\/wp-json\/wp\/v2\/product_tag?post=12157"}],"curies":[{"name":"wp","href":"https:\/\/api.w.org\/{rel}","templated":true}]}}